{"id":1610,"date":"2022-05-16T15:10:56","date_gmt":"2022-05-16T13:10:56","guid":{"rendered":"https:\/\/lestada.einatec.com\/?page_id=1610"},"modified":"2022-05-23T12:58:33","modified_gmt":"2022-05-23T10:58:33","slug":"convenios","status":"publish","type":"page","link":"https:\/\/lestada.com\/es\/convenios\/","title":{"rendered":"Convenios"},"content":{"rendered":"\t\t<div data-elementor-type=\"wp-page\" data-elementor-id=\"1610\" class=\"elementor elementor-1610 elementor-1509\" data-elementor-post-type=\"page\">\n\t\t\t\t\t\t<section class=\"elementor-section elementor-top-section elementor-element elementor-element-17d21af elementor-section-boxed elementor-section-height-default elementor-section-height-default\" data-id=\"17d21af\" data-element_type=\"section\" data-e-type=\"section\" data-settings=\"{&quot;background_background&quot;:&quot;classic&quot;}\">\n\t\t\t\t\t\t\t<div class=\"elementor-background-overlay\"><\/div>\n\t\t\t\t\t\t\t<div class=\"elementor-container elementor-column-gap-default\">\n\t\t\t\t\t<div class=\"elementor-column elementor-col-100 elementor-top-column elementor-element elementor-element-c8bb18f\" data-id=\"c8bb18f\" data-element_type=\"column\" data-e-type=\"column\">\n\t\t\t<div class=\"elementor-widget-wrap elementor-element-populated\">\n\t\t\t\t\t\t<div class=\"elementor-element elementor-element-f4057a5 elementor-widget elementor-widget-heading\" data-id=\"f4057a5\" data-element_type=\"widget\" data-e-type=\"widget\" data-widget_type=\"heading.default\">\n\t\t\t\t<div class=\"elementor-widget-container\">\n\t\t\t\t\t<h2 class=\"elementor-heading-title elementor-size-default\">Convenios<\/h2>\t\t\t\t<\/div>\n\t\t\t\t<\/div>\n\t\t\t\t\t<\/div>\n\t\t<\/div>\n\t\t\t\t\t<\/div>\n\t\t<\/section>\n\t\t\t\t<section class=\"elementor-section elementor-top-section elementor-element elementor-element-f32c195 elementor-section-boxed elementor-section-height-default elementor-section-height-default\" data-id=\"f32c195\" data-element_type=\"section\" data-e-type=\"section\">\n\t\t\t\t\t\t<div class=\"elementor-container elementor-column-gap-default\">\n\t\t\t\t\t<div class=\"elementor-column elementor-col-100 elementor-top-column elementor-element elementor-element-13fd569\" data-id=\"13fd569\" data-element_type=\"column\" data-e-type=\"column\">\n\t\t\t<div class=\"elementor-widget-wrap elementor-element-populated\">\n\t\t\t\t\t\t<div class=\"elementor-element elementor-element-8aef12d elementor-position-inline-start elementor-view-default elementor-mobile-position-block-start elementor-widget elementor-widget-icon-box\" data-id=\"8aef12d\" data-element_type=\"widget\" data-e-type=\"widget\" data-widget_type=\"icon-box.default\">\n\t\t\t\t<div class=\"elementor-widget-container\">\n\t\t\t\t\t\t\t<div class=\"elementor-icon-box-wrapper\">\n\n\t\t\t\t\t\t<div class=\"elementor-icon-box-icon\">\n\t\t\t\t<span  class=\"elementor-icon\">\n\t\t\t\t<i aria-hidden=\"true\" class=\"fas fa-circle\"><\/i>\t\t\t\t<\/span>\n\t\t\t<\/div>\n\t\t\t\n\t\t\t\t\t\t<div class=\"elementor-icon-box-content\">\n\n\t\t\t\t\t\t\t\t\t<h5 class=\"elementor-icon-box-title\">\n\t\t\t\t\t\t<span  >\n\t\t\t\t\t\t\tCONVENios\t\t\t\t\t\t<\/span>\n\t\t\t\t\t<\/h5>\n\t\t\t\t\n\t\t\t\t\n\t\t\t<\/div>\n\t\t\t\n\t\t<\/div>\n\t\t\t\t\t\t<\/div>\n\t\t\t\t<\/div>\n\t\t\t\t<div class=\"elementor-element elementor-element-1298371 elementor-widget elementor-widget-heading\" data-id=\"1298371\" data-element_type=\"widget\" data-e-type=\"widget\" data-widget_type=\"heading.default\">\n\t\t\t\t<div class=\"elementor-widget-container\">\n\t\t\t\t\t<h3 class=\"elementor-heading-title elementor-size-default\">Convenios de <br>colaboraci\u00f3n<\/h3>\t\t\t\t<\/div>\n\t\t\t\t<\/div>\n\t\t\t\t<div class=\"elementor-element elementor-element-dd5a828 elementor-widget elementor-widget-heading\" data-id=\"dd5a828\" data-element_type=\"widget\" data-e-type=\"widget\" data-widget_type=\"heading.default\">\n\t\t\t\t<div class=\"elementor-widget-container\">\n\t\t\t\t\t<h3 class=\"elementor-heading-title elementor-size-default\">\nConvenio de colaboraci\u00f3n educativa con l'Escola Superior de Ciencias de la Salut TecnoCampus, Adscrito a la Universidad Pompeu Fabra para pr\u00e1cticas acad\u00e9micas externas.<\/h3>\t\t\t\t<\/div>\n\t\t\t\t<\/div>\n\t\t\t\t<div class=\"elementor-element elementor-element-e907044 elementor-widget elementor-widget-heading\" data-id=\"e907044\" data-element_type=\"widget\" data-e-type=\"widget\" data-widget_type=\"heading.default\">\n\t\t\t\t<div class=\"elementor-widget-container\">\n\t\t\t\t\t<h3 class=\"elementor-heading-title elementor-size-default\">\nConvenio de colaboraci\u00f3n educativa con la Facultat de Ciencias de la Salut Blanquerna-Universitat Ramon Llull para llevar a cabo practicas acad\u00e9micas externas. <\/h3>\t\t\t\t<\/div>\n\t\t\t\t<\/div>\n\t\t\t\t<div class=\"elementor-element elementor-element-a0ce0dc elementor-widget elementor-widget-text-editor\" data-id=\"a0ce0dc\" data-element_type=\"widget\" data-e-type=\"widget\" data-widget_type=\"text-editor.default\">\n\t\t\t\t<div class=\"elementor-widget-container\">\n\t\t\t\t\t\t\t\t\t<p>Convenio de colaboraci\u00f3n de la Creu Roja.\u00a0 &gt;&gt; <strong><a href=\"https:\/\/lestada.com\/wp-content\/uploads\/2022\/05\/Creu-Roja-Reside\u0300ncia-Geria\u0300trica-LEstada.pdf\" target=\"_blank\" rel=\"noopener\"><span style=\"color: #000000;\">ver pdf<\/span><\/a><\/strong><\/p>\t\t\t\t\t\t\t\t<\/div>\n\t\t\t\t<\/div>\n\t\t\t\t<div class=\"elementor-element elementor-element-cabdf5f elementor-widget elementor-widget-heading\" data-id=\"cabdf5f\" data-element_type=\"widget\" data-e-type=\"widget\" data-widget_type=\"heading.default\">\n\t\t\t\t<div class=\"elementor-widget-container\">\n\t\t\t\t\t<h3 class=\"elementor-heading-title elementor-size-default\">Convenio de colaboraci\u00f3n con la Escuela Universit\u00e1ria de Enfermer\u00eda  y Fisioter\u00e1pia Gimbernat, adscrito a la Universidad Aut\u00f3noma de Barcelona.<\/h3>\t\t\t\t<\/div>\n\t\t\t\t<\/div>\n\t\t\t\t\t<\/div>\n\t\t<\/div>\n\t\t\t\t\t<\/div>\n\t\t<\/section>\n\t\t\t\t<\/div>\n\t\t","protected":false},"excerpt":{"rendered":"<p>Convenios CONVENios Convenios de colaboraci\u00f3n Convenio de colaboraci\u00f3n educativa con l&#8217;Escola Superior de Ciencias de la Salut TecnoCampus, Adscrito a la Universidad Pompeu Fabra para pr\u00e1cticas acad\u00e9micas externas. Convenio de colaboraci\u00f3n educativa con la Facultat de Ciencias de la Salut Blanquerna-Universitat Ramon Llull para llevar a cabo practicas acad\u00e9micas externas. Convenio de colaboraci\u00f3n de la [&hellip;]<\/p>\n","protected":false},"author":1,"featured_media":0,"parent":0,"menu_order":0,"comment_status":"closed","ping_status":"closed","template":"","meta":{"footnotes":""},"class_list":["post-1610","page","type-page","status-publish","hentry"],"yoast_head":"<!-- This site is optimized with the Yoast SEO plugin v27.1.1 - https:\/\/yoast.com\/product\/yoast-seo-wordpress\/ -->\n<title>Convenios - Resid\u00e8ncia Geri\u00e0trica L&#039;Estada<\/title>\n<meta name=\"robots\" content=\"index, follow, max-snippet:-1, max-image-preview:large, max-video-preview:-1\" \/>\n<link rel=\"canonical\" href=\"https:\/\/lestada.com\/es\/convenios\/\" \/>\n<meta property=\"og:locale\" content=\"es_ES\" \/>\n<meta property=\"og:type\" content=\"article\" \/>\n<meta property=\"og:title\" content=\"Convenios - Resid\u00e8ncia Geri\u00e0trica L&#039;Estada\" \/>\n<meta property=\"og:description\" content=\"Convenios CONVENios Convenios de colaboraci\u00f3n Convenio de colaboraci\u00f3n educativa con l&#8217;Escola Superior de Ciencias de la Salut TecnoCampus, Adscrito a la Universidad Pompeu Fabra para pr\u00e1cticas acad\u00e9micas externas. Convenio de colaboraci\u00f3n educativa con la Facultat de Ciencias de la Salut Blanquerna-Universitat Ramon Llull para llevar a cabo practicas acad\u00e9micas externas. Convenio de colaboraci\u00f3n de la [&hellip;]\" \/>\n<meta property=\"og:url\" content=\"https:\/\/lestada.com\/es\/convenios\/\" \/>\n<meta property=\"og:site_name\" content=\"Resid\u00e8ncia Geri\u00e0trica L&#039;Estada\" \/>\n<meta property=\"article:modified_time\" content=\"2022-05-23T10:58:33+00:00\" \/>\n<meta name=\"twitter:card\" content=\"summary_large_image\" \/>\n<script type=\"application\/ld+json\" class=\"yoast-schema-graph\">{\"@context\":\"https:\/\/schema.org\",\"@graph\":[{\"@type\":\"WebPage\",\"@id\":\"https:\/\/lestada.com\/es\/convenios\/\",\"url\":\"https:\/\/lestada.com\/es\/convenios\/\",\"name\":\"Convenios - Resid\u00e8ncia Geri\u00e0trica L&#039;Estada\",\"isPartOf\":{\"@id\":\"https:\/\/lestada.com\/#website\"},\"datePublished\":\"2022-05-16T13:10:56+00:00\",\"dateModified\":\"2022-05-23T10:58:33+00:00\",\"breadcrumb\":{\"@id\":\"https:\/\/lestada.com\/es\/convenios\/#breadcrumb\"},\"inLanguage\":\"es\",\"potentialAction\":[{\"@type\":\"ReadAction\",\"target\":[\"https:\/\/lestada.com\/es\/convenios\/\"]}]},{\"@type\":\"BreadcrumbList\",\"@id\":\"https:\/\/lestada.com\/es\/convenios\/#breadcrumb\",\"itemListElement\":[{\"@type\":\"ListItem\",\"position\":1,\"name\":\"Inici\",\"item\":\"https:\/\/lestada.com\/es\/\"},{\"@type\":\"ListItem\",\"position\":2,\"name\":\"Convenios\"}]},{\"@type\":\"WebSite\",\"@id\":\"https:\/\/lestada.com\/#website\",\"url\":\"https:\/\/lestada.com\/\",\"name\":\"Resid\u00e8ncia Geri\u00e0trica L&#039;Estada\",\"description\":\"Un altre lloc gestionat amb el WordPress\",\"publisher\":{\"@id\":\"https:\/\/lestada.com\/#organization\"},\"potentialAction\":[{\"@type\":\"SearchAction\",\"target\":{\"@type\":\"EntryPoint\",\"urlTemplate\":\"https:\/\/lestada.com\/?s={search_term_string}\"},\"query-input\":{\"@type\":\"PropertyValueSpecification\",\"valueRequired\":true,\"valueName\":\"search_term_string\"}}],\"inLanguage\":\"es\"},{\"@type\":\"Organization\",\"@id\":\"https:\/\/lestada.com\/#organization\",\"name\":\"Resid\u00e8ncia Geri\u00e0trica L&#039;Estada\",\"url\":\"https:\/\/lestada.com\/\",\"logo\":{\"@type\":\"ImageObject\",\"inLanguage\":\"es\",\"@id\":\"https:\/\/lestada.com\/#\/schema\/logo\/image\/\",\"url\":\"https:\/\/lestada.com\/wp-content\/uploads\/2022\/04\/logo_ESTADA.jpg\",\"contentUrl\":\"https:\/\/lestada.com\/wp-content\/uploads\/2022\/04\/logo_ESTADA.jpg\",\"width\":353,\"height\":472,\"caption\":\"Resid\u00e8ncia Geri\u00e0trica L&#039;Estada\"},\"image\":{\"@id\":\"https:\/\/lestada.com\/#\/schema\/logo\/image\/\"}}]}<\/script>\n<!-- \/ Yoast SEO plugin. -->","yoast_head_json":{"title":"Convenios - Resid\u00e8ncia Geri\u00e0trica L&#039;Estada","robots":{"index":"index","follow":"follow","max-snippet":"max-snippet:-1","max-image-preview":"max-image-preview:large","max-video-preview":"max-video-preview:-1"},"canonical":"https:\/\/lestada.com\/es\/convenios\/","og_locale":"es_ES","og_type":"article","og_title":"Convenios - Resid\u00e8ncia Geri\u00e0trica L&#039;Estada","og_description":"Convenios CONVENios Convenios de colaboraci\u00f3n Convenio de colaboraci\u00f3n educativa con l&#8217;Escola Superior de Ciencias de la Salut TecnoCampus, Adscrito a la Universidad Pompeu Fabra para pr\u00e1cticas acad\u00e9micas externas. Convenio de colaboraci\u00f3n educativa con la Facultat de Ciencias de la Salut Blanquerna-Universitat Ramon Llull para llevar a cabo practicas acad\u00e9micas externas. Convenio de colaboraci\u00f3n de la [&hellip;]","og_url":"https:\/\/lestada.com\/es\/convenios\/","og_site_name":"Resid\u00e8ncia Geri\u00e0trica L&#039;Estada","article_modified_time":"2022-05-23T10:58:33+00:00","twitter_card":"summary_large_image","schema":{"@context":"https:\/\/schema.org","@graph":[{"@type":"WebPage","@id":"https:\/\/lestada.com\/es\/convenios\/","url":"https:\/\/lestada.com\/es\/convenios\/","name":"Convenios - Resid\u00e8ncia Geri\u00e0trica L&#039;Estada","isPartOf":{"@id":"https:\/\/lestada.com\/#website"},"datePublished":"2022-05-16T13:10:56+00:00","dateModified":"2022-05-23T10:58:33+00:00","breadcrumb":{"@id":"https:\/\/lestada.com\/es\/convenios\/#breadcrumb"},"inLanguage":"es","potentialAction":[{"@type":"ReadAction","target":["https:\/\/lestada.com\/es\/convenios\/"]}]},{"@type":"BreadcrumbList","@id":"https:\/\/lestada.com\/es\/convenios\/#breadcrumb","itemListElement":[{"@type":"ListItem","position":1,"name":"Inici","item":"https:\/\/lestada.com\/es\/"},{"@type":"ListItem","position":2,"name":"Convenios"}]},{"@type":"WebSite","@id":"https:\/\/lestada.com\/#website","url":"https:\/\/lestada.com\/","name":"Resid\u00e8ncia Geri\u00e0trica L&#039;Estada","description":"Un altre lloc gestionat amb el WordPress","publisher":{"@id":"https:\/\/lestada.com\/#organization"},"potentialAction":[{"@type":"SearchAction","target":{"@type":"EntryPoint","urlTemplate":"https:\/\/lestada.com\/?s={search_term_string}"},"query-input":{"@type":"PropertyValueSpecification","valueRequired":true,"valueName":"search_term_string"}}],"inLanguage":"es"},{"@type":"Organization","@id":"https:\/\/lestada.com\/#organization","name":"Resid\u00e8ncia Geri\u00e0trica L&#039;Estada","url":"https:\/\/lestada.com\/","logo":{"@type":"ImageObject","inLanguage":"es","@id":"https:\/\/lestada.com\/#\/schema\/logo\/image\/","url":"https:\/\/lestada.com\/wp-content\/uploads\/2022\/04\/logo_ESTADA.jpg","contentUrl":"https:\/\/lestada.com\/wp-content\/uploads\/2022\/04\/logo_ESTADA.jpg","width":353,"height":472,"caption":"Resid\u00e8ncia Geri\u00e0trica L&#039;Estada"},"image":{"@id":"https:\/\/lestada.com\/#\/schema\/logo\/image\/"}}]}},"_links":{"self":[{"href":"https:\/\/lestada.com\/es\/wp-json\/wp\/v2\/pages\/1610","targetHints":{"allow":["GET"]}}],"collection":[{"href":"https:\/\/lestada.com\/es\/wp-json\/wp\/v2\/pages"}],"about":[{"href":"https:\/\/lestada.com\/es\/wp-json\/wp\/v2\/types\/page"}],"author":[{"embeddable":true,"href":"https:\/\/lestada.com\/es\/wp-json\/wp\/v2\/users\/1"}],"replies":[{"embeddable":true,"href":"https:\/\/lestada.com\/es\/wp-json\/wp\/v2\/comments?post=1610"}],"version-history":[{"count":4,"href":"https:\/\/lestada.com\/es\/wp-json\/wp\/v2\/pages\/1610\/revisions"}],"predecessor-version":[{"id":1614,"href":"https:\/\/lestada.com\/es\/wp-json\/wp\/v2\/pages\/1610\/revisions\/1614"}],"wp:attachment":[{"href":"https:\/\/lestada.com\/es\/wp-json\/wp\/v2\/media?parent=1610"}],"curies":[{"name":"wp","href":"https:\/\/api.w.org\/{rel}","templated":true}]}}