{"id":1626,"date":"2022-05-17T12:25:38","date_gmt":"2022-05-17T10:25:38","guid":{"rendered":"https:\/\/lestada.einatec.com\/?page_id=1626"},"modified":"2022-05-23T13:09:28","modified_gmt":"2022-05-23T11:09:28","slug":"portal-de-transparencia","status":"publish","type":"page","link":"https:\/\/lestada.com\/es\/portal-de-transparencia\/","title":{"rendered":"Portal de transparencia"},"content":{"rendered":"\t\t<div data-elementor-type=\"wp-page\" data-elementor-id=\"1626\" class=\"elementor elementor-1626 elementor-1543\" data-elementor-post-type=\"page\">\n\t\t\t\t\t\t<section class=\"elementor-section elementor-top-section elementor-element elementor-element-19c196e elementor-section-boxed elementor-section-height-default elementor-section-height-default\" data-id=\"19c196e\" data-element_type=\"section\" data-e-type=\"section\" data-settings=\"{&quot;background_background&quot;:&quot;classic&quot;}\">\n\t\t\t\t\t\t\t<div class=\"elementor-background-overlay\"><\/div>\n\t\t\t\t\t\t\t<div class=\"elementor-container elementor-column-gap-default\">\n\t\t\t\t\t<div class=\"elementor-column elementor-col-100 elementor-top-column elementor-element elementor-element-2f4a53f\" data-id=\"2f4a53f\" data-element_type=\"column\" data-e-type=\"column\">\n\t\t\t<div class=\"elementor-widget-wrap elementor-element-populated\">\n\t\t\t\t\t\t<div class=\"elementor-element elementor-element-c3eb0c8 elementor-widget elementor-widget-heading\" data-id=\"c3eb0c8\" data-element_type=\"widget\" data-e-type=\"widget\" data-widget_type=\"heading.default\">\n\t\t\t\t<div class=\"elementor-widget-container\">\n\t\t\t\t\t<h2 class=\"elementor-heading-title elementor-size-default\">Portal de transparencia\n<\/h2>\t\t\t\t<\/div>\n\t\t\t\t<\/div>\n\t\t\t\t\t<\/div>\n\t\t<\/div>\n\t\t\t\t\t<\/div>\n\t\t<\/section>\n\t\t\t\t<section class=\"elementor-section elementor-top-section elementor-element elementor-element-fec2fdb elementor-section-boxed elementor-section-height-default elementor-section-height-default\" data-id=\"fec2fdb\" data-element_type=\"section\" data-e-type=\"section\">\n\t\t\t\t\t\t<div class=\"elementor-container elementor-column-gap-default\">\n\t\t\t\t\t<div class=\"elementor-column elementor-col-33 elementor-top-column elementor-element elementor-element-ef04d4e\" data-id=\"ef04d4e\" data-element_type=\"column\" data-e-type=\"column\">\n\t\t\t<div class=\"elementor-widget-wrap elementor-element-populated\">\n\t\t\t\t\t\t<div class=\"elementor-element elementor-element-38218f8 elementor-widget elementor-widget-image\" data-id=\"38218f8\" data-element_type=\"widget\" data-e-type=\"widget\" data-widget_type=\"image.default\">\n\t\t\t\t<div class=\"elementor-widget-container\">\n\t\t\t\t\t\t\t\t\t\t\t\t\t\t\t<img fetchpriority=\"high\" decoding=\"async\" width=\"755\" height=\"1024\" src=\"https:\/\/lestada.com\/wp-content\/uploads\/2022\/05\/up-844-enquesta-755x1024.jpg\" class=\"attachment-large size-large wp-image-1556\" alt=\"\" srcset=\"https:\/\/lestada.com\/wp-content\/uploads\/2022\/05\/up-844-enquesta-755x1024.jpg 755w, https:\/\/lestada.com\/wp-content\/uploads\/2022\/05\/up-844-enquesta-221x300.jpg 221w, https:\/\/lestada.com\/wp-content\/uploads\/2022\/05\/up-844-enquesta-768x1042.jpg 768w, https:\/\/lestada.com\/wp-content\/uploads\/2022\/05\/up-844-enquesta-1132x1536.jpg 1132w, https:\/\/lestada.com\/wp-content\/uploads\/2022\/05\/up-844-enquesta.jpg 1500w\" sizes=\"(max-width: 755px) 100vw, 755px\" \/>\t\t\t\t\t\t\t\t\t\t\t\t\t\t\t<\/div>\n\t\t\t\t<\/div>\n\t\t\t\t\t<\/div>\n\t\t<\/div>\n\t\t\t\t<div class=\"elementor-column elementor-col-66 elementor-top-column elementor-element elementor-element-36eeb93\" data-id=\"36eeb93\" data-element_type=\"column\" data-e-type=\"column\">\n\t\t\t<div class=\"elementor-widget-wrap elementor-element-populated\">\n\t\t\t\t\t\t<div class=\"elementor-element elementor-element-8237f97 elementor-widget elementor-widget-text-editor\" data-id=\"8237f97\" data-element_type=\"widget\" data-e-type=\"widget\" data-widget_type=\"text-editor.default\">\n\t\t\t\t<div class=\"elementor-widget-container\">\n\t\t\t\t\t\t\t\t\tPla de encuestas de la percepci\u00f3n, experiencia i satisfacci\u00f3n del CatSalut &gt;&gt; <span style=\"color: #000000;\"><a style=\"color: #000000;\" href=\"https:\/\/lestada.com\/wp-content\/uploads\/2022\/05\/up-844-enquesta.pdf\" target=\"_blank\" rel=\"noopener\"><br><strong>ver pdf<\/strong><\/a><\/span>\t\t\t\t\t\t\t\t<\/div>\n\t\t\t\t<\/div>\n\t\t\t\t\t<\/div>\n\t\t<\/div>\n\t\t\t\t\t<\/div>\n\t\t<\/section>\n\t\t\t\t<\/div>\n\t\t","protected":false},"excerpt":{"rendered":"<p>Portal de transparencia Pla de encuestas de la percepci\u00f3n, experiencia i satisfacci\u00f3n del CatSalut &gt;&gt; ver pdf<\/p>\n","protected":false},"author":1,"featured_media":0,"parent":0,"menu_order":0,"comment_status":"closed","ping_status":"closed","template":"","meta":{"footnotes":""},"class_list":["post-1626","page","type-page","status-publish","hentry"],"yoast_head":"<!-- This site is optimized with the Yoast SEO plugin v27.1.1 - https:\/\/yoast.com\/product\/yoast-seo-wordpress\/ -->\n<title>Portal de transparencia - Resid\u00e8ncia Geri\u00e0trica L&#039;Estada<\/title>\n<meta name=\"robots\" content=\"index, follow, max-snippet:-1, max-image-preview:large, max-video-preview:-1\" \/>\n<link rel=\"canonical\" href=\"https:\/\/lestada.com\/es\/portal-de-transparencia\/\" \/>\n<meta property=\"og:locale\" content=\"es_ES\" \/>\n<meta property=\"og:type\" content=\"article\" \/>\n<meta property=\"og:title\" content=\"Portal de transparencia - Resid\u00e8ncia Geri\u00e0trica L&#039;Estada\" \/>\n<meta property=\"og:description\" content=\"Portal de transparencia Pla de encuestas de la percepci\u00f3n, experiencia i satisfacci\u00f3n del CatSalut &gt;&gt; ver pdf\" \/>\n<meta property=\"og:url\" content=\"https:\/\/lestada.com\/es\/portal-de-transparencia\/\" \/>\n<meta property=\"og:site_name\" content=\"Resid\u00e8ncia Geri\u00e0trica L&#039;Estada\" \/>\n<meta property=\"article:modified_time\" content=\"2022-05-23T11:09:28+00:00\" \/>\n<meta property=\"og:image\" content=\"https:\/\/lestada.einatec.com\/wp-content\/uploads\/2022\/05\/up-844-enquesta-755x1024.jpg\" \/>\n<meta name=\"twitter:card\" content=\"summary_large_image\" \/>\n<script type=\"application\/ld+json\" class=\"yoast-schema-graph\">{\"@context\":\"https:\/\/schema.org\",\"@graph\":[{\"@type\":\"WebPage\",\"@id\":\"https:\/\/lestada.com\/es\/portal-de-transparencia\/\",\"url\":\"https:\/\/lestada.com\/es\/portal-de-transparencia\/\",\"name\":\"Portal de transparencia - Resid\u00e8ncia Geri\u00e0trica L&#039;Estada\",\"isPartOf\":{\"@id\":\"https:\/\/lestada.com\/#website\"},\"primaryImageOfPage\":{\"@id\":\"https:\/\/lestada.com\/es\/portal-de-transparencia\/#primaryimage\"},\"image\":{\"@id\":\"https:\/\/lestada.com\/es\/portal-de-transparencia\/#primaryimage\"},\"thumbnailUrl\":\"https:\/\/lestada.einatec.com\/wp-content\/uploads\/2022\/05\/up-844-enquesta-755x1024.jpg\",\"datePublished\":\"2022-05-17T10:25:38+00:00\",\"dateModified\":\"2022-05-23T11:09:28+00:00\",\"breadcrumb\":{\"@id\":\"https:\/\/lestada.com\/es\/portal-de-transparencia\/#breadcrumb\"},\"inLanguage\":\"es\",\"potentialAction\":[{\"@type\":\"ReadAction\",\"target\":[\"https:\/\/lestada.com\/es\/portal-de-transparencia\/\"]}]},{\"@type\":\"ImageObject\",\"inLanguage\":\"es\",\"@id\":\"https:\/\/lestada.com\/es\/portal-de-transparencia\/#primaryimage\",\"url\":\"https:\/\/lestada.einatec.com\/wp-content\/uploads\/2022\/05\/up-844-enquesta-755x1024.jpg\",\"contentUrl\":\"https:\/\/lestada.einatec.com\/wp-content\/uploads\/2022\/05\/up-844-enquesta-755x1024.jpg\"},{\"@type\":\"BreadcrumbList\",\"@id\":\"https:\/\/lestada.com\/es\/portal-de-transparencia\/#breadcrumb\",\"itemListElement\":[{\"@type\":\"ListItem\",\"position\":1,\"name\":\"Inici\",\"item\":\"https:\/\/lestada.com\/es\/\"},{\"@type\":\"ListItem\",\"position\":2,\"name\":\"Portal de transparencia\"}]},{\"@type\":\"WebSite\",\"@id\":\"https:\/\/lestada.com\/#website\",\"url\":\"https:\/\/lestada.com\/\",\"name\":\"Resid\u00e8ncia Geri\u00e0trica L&#039;Estada\",\"description\":\"Un altre lloc gestionat amb el WordPress\",\"publisher\":{\"@id\":\"https:\/\/lestada.com\/#organization\"},\"potentialAction\":[{\"@type\":\"SearchAction\",\"target\":{\"@type\":\"EntryPoint\",\"urlTemplate\":\"https:\/\/lestada.com\/?s={search_term_string}\"},\"query-input\":{\"@type\":\"PropertyValueSpecification\",\"valueRequired\":true,\"valueName\":\"search_term_string\"}}],\"inLanguage\":\"es\"},{\"@type\":\"Organization\",\"@id\":\"https:\/\/lestada.com\/#organization\",\"name\":\"Resid\u00e8ncia Geri\u00e0trica L&#039;Estada\",\"url\":\"https:\/\/lestada.com\/\",\"logo\":{\"@type\":\"ImageObject\",\"inLanguage\":\"es\",\"@id\":\"https:\/\/lestada.com\/#\/schema\/logo\/image\/\",\"url\":\"https:\/\/lestada.com\/wp-content\/uploads\/2022\/04\/logo_ESTADA.jpg\",\"contentUrl\":\"https:\/\/lestada.com\/wp-content\/uploads\/2022\/04\/logo_ESTADA.jpg\",\"width\":353,\"height\":472,\"caption\":\"Resid\u00e8ncia Geri\u00e0trica L&#039;Estada\"},\"image\":{\"@id\":\"https:\/\/lestada.com\/#\/schema\/logo\/image\/\"}}]}<\/script>\n<!-- \/ Yoast SEO plugin. -->","yoast_head_json":{"title":"Portal de transparencia - Resid\u00e8ncia Geri\u00e0trica L&#039;Estada","robots":{"index":"index","follow":"follow","max-snippet":"max-snippet:-1","max-image-preview":"max-image-preview:large","max-video-preview":"max-video-preview:-1"},"canonical":"https:\/\/lestada.com\/es\/portal-de-transparencia\/","og_locale":"es_ES","og_type":"article","og_title":"Portal de transparencia - Resid\u00e8ncia Geri\u00e0trica L&#039;Estada","og_description":"Portal de transparencia Pla de encuestas de la percepci\u00f3n, experiencia i satisfacci\u00f3n del CatSalut &gt;&gt; ver pdf","og_url":"https:\/\/lestada.com\/es\/portal-de-transparencia\/","og_site_name":"Resid\u00e8ncia Geri\u00e0trica L&#039;Estada","article_modified_time":"2022-05-23T11:09:28+00:00","og_image":[{"url":"https:\/\/lestada.einatec.com\/wp-content\/uploads\/2022\/05\/up-844-enquesta-755x1024.jpg","type":"","width":"","height":""}],"twitter_card":"summary_large_image","schema":{"@context":"https:\/\/schema.org","@graph":[{"@type":"WebPage","@id":"https:\/\/lestada.com\/es\/portal-de-transparencia\/","url":"https:\/\/lestada.com\/es\/portal-de-transparencia\/","name":"Portal de transparencia - Resid\u00e8ncia Geri\u00e0trica L&#039;Estada","isPartOf":{"@id":"https:\/\/lestada.com\/#website"},"primaryImageOfPage":{"@id":"https:\/\/lestada.com\/es\/portal-de-transparencia\/#primaryimage"},"image":{"@id":"https:\/\/lestada.com\/es\/portal-de-transparencia\/#primaryimage"},"thumbnailUrl":"https:\/\/lestada.einatec.com\/wp-content\/uploads\/2022\/05\/up-844-enquesta-755x1024.jpg","datePublished":"2022-05-17T10:25:38+00:00","dateModified":"2022-05-23T11:09:28+00:00","breadcrumb":{"@id":"https:\/\/lestada.com\/es\/portal-de-transparencia\/#breadcrumb"},"inLanguage":"es","potentialAction":[{"@type":"ReadAction","target":["https:\/\/lestada.com\/es\/portal-de-transparencia\/"]}]},{"@type":"ImageObject","inLanguage":"es","@id":"https:\/\/lestada.com\/es\/portal-de-transparencia\/#primaryimage","url":"https:\/\/lestada.einatec.com\/wp-content\/uploads\/2022\/05\/up-844-enquesta-755x1024.jpg","contentUrl":"https:\/\/lestada.einatec.com\/wp-content\/uploads\/2022\/05\/up-844-enquesta-755x1024.jpg"},{"@type":"BreadcrumbList","@id":"https:\/\/lestada.com\/es\/portal-de-transparencia\/#breadcrumb","itemListElement":[{"@type":"ListItem","position":1,"name":"Inici","item":"https:\/\/lestada.com\/es\/"},{"@type":"ListItem","position":2,"name":"Portal de transparencia"}]},{"@type":"WebSite","@id":"https:\/\/lestada.com\/#website","url":"https:\/\/lestada.com\/","name":"Resid\u00e8ncia Geri\u00e0trica L&#039;Estada","description":"Un altre lloc gestionat amb el WordPress","publisher":{"@id":"https:\/\/lestada.com\/#organization"},"potentialAction":[{"@type":"SearchAction","target":{"@type":"EntryPoint","urlTemplate":"https:\/\/lestada.com\/?s={search_term_string}"},"query-input":{"@type":"PropertyValueSpecification","valueRequired":true,"valueName":"search_term_string"}}],"inLanguage":"es"},{"@type":"Organization","@id":"https:\/\/lestada.com\/#organization","name":"Resid\u00e8ncia Geri\u00e0trica L&#039;Estada","url":"https:\/\/lestada.com\/","logo":{"@type":"ImageObject","inLanguage":"es","@id":"https:\/\/lestada.com\/#\/schema\/logo\/image\/","url":"https:\/\/lestada.com\/wp-content\/uploads\/2022\/04\/logo_ESTADA.jpg","contentUrl":"https:\/\/lestada.com\/wp-content\/uploads\/2022\/04\/logo_ESTADA.jpg","width":353,"height":472,"caption":"Resid\u00e8ncia Geri\u00e0trica L&#039;Estada"},"image":{"@id":"https:\/\/lestada.com\/#\/schema\/logo\/image\/"}}]}},"_links":{"self":[{"href":"https:\/\/lestada.com\/es\/wp-json\/wp\/v2\/pages\/1626","targetHints":{"allow":["GET"]}}],"collection":[{"href":"https:\/\/lestada.com\/es\/wp-json\/wp\/v2\/pages"}],"about":[{"href":"https:\/\/lestada.com\/es\/wp-json\/wp\/v2\/types\/page"}],"author":[{"embeddable":true,"href":"https:\/\/lestada.com\/es\/wp-json\/wp\/v2\/users\/1"}],"replies":[{"embeddable":true,"href":"https:\/\/lestada.com\/es\/wp-json\/wp\/v2\/comments?post=1626"}],"version-history":[{"count":4,"href":"https:\/\/lestada.com\/es\/wp-json\/wp\/v2\/pages\/1626\/revisions"}],"predecessor-version":[{"id":1630,"href":"https:\/\/lestada.com\/es\/wp-json\/wp\/v2\/pages\/1626\/revisions\/1630"}],"wp:attachment":[{"href":"https:\/\/lestada.com\/es\/wp-json\/wp\/v2\/media?parent=1626"}],"curies":[{"name":"wp","href":"https:\/\/api.w.org\/{rel}","templated":true}]}}